{"id":1334,"date":"2025-05-15T12:17:12","date_gmt":"2025-05-15T10:17:12","guid":{"rendered":"https:\/\/retreats.tungxten.com\/?page_id=1334"},"modified":"2025-05-15T17:26:32","modified_gmt":"2025-05-15T15:26:32","slug":"politique-confidentialite","status":"publish","type":"page","link":"https:\/\/retreats.tungxten.com\/en\/politique-confidentialite\/","title":{"rendered":"Privacy Policy"},"content":{"rendered":"<h2 class=\"wp-block-heading\">PRIVACY POLICY<\/h2>\n\n\n\n<p class=\"translation-block\"><strong>Effective Date:<\/strong> May 2025<\/p>\n\n\n\n<h3 class=\"wp-block-heading\">1. Who we are<\/h3>\n\n\n\n<p class=\"translation-block\">This website address is: <a href=\"https:\/\/retreats.tungxten.com\/en\/\">https:\/\/retreats.tungxten.com<\/a>.<br>\n  This site is operated by <strong>tungXten S.A.R.L<\/strong>, located in Carouge (GE), Switzerland.<br>\n  You can contact us at: <a href=\"mailto:dev@tungxten.com\">dev@tungxten.com<\/a>.<\/p>\n\n\n\n<h3 class=\"wp-block-heading\">2. What personal data we collect and why<\/h3>\n\n\n\n<h4 class=\"wp-block-heading\">Contact form (Formspree)<\/h4>\n\n\n\n<p class=\"translation-block\">When you send us a message via our contact form, we collect your name, email address, and message. This form is handled by <strong>Formspree<\/strong>, a secure third-party service that temporarily stores and forwards your message to our email. Your data may be processed outside the EU. By submitting the form, you consent to this transfer. <a href=\"https:\/\/formspree.io\/legal\/privacy-policy\/\" target=\"_blank\">View Formspree\u2019s privacy policy<\/a>.<\/p>\n\n\n\n<h4 class=\"wp-block-heading\">Comments<\/h4>\n\n\n\n<p>Comment functionality is currently disabled but may be enabled in the future. If activated, we will collect the data entered in the comment form, your IP address, and browser information to prevent spam.<\/p>\n\n\n\n<h4 class=\"wp-block-heading\">Media<\/h4>\n\n\n\n<p>If you upload images to the site, you should avoid including location (EXIF GPS) data. Visitors may download and extract such information from public images.<\/p>\n\n\n\n<h4 class=\"wp-block-heading\">Cookies<\/h4>\n\n\n\n<p>This site uses essential cookies for functionality and may use analytics cookies with your consent. If you leave a comment (future), optional cookies may remember your details. These cookies expire within 1 year. You can manage cookie preferences through the banner or your browser settings.<\/p>\n\n\n\n<h4 class=\"wp-block-heading\">Embedded content<\/h4>\n\n\n\n<p>Pages may include embedded content (e.g. videos, articles) from external websites, which behave as if you visited those sites directly. These may collect data and use cookies.<\/p>\n\n\n\n<h4 class=\"wp-block-heading\">Newsletter<\/h4>\n\n\n\n<p>If you choose to subscribe to our newsletter, we collect your name and email address to send occasional updates and curated content. You can unsubscribe at any time. Your data is never shared or sold. A GDPR-compliant provider is used to manage this list.<\/p>\n\n\n\n<h4 class=\"wp-block-heading\">Social sharing tools<\/h4>\n\n\n\n<p class=\"translation-block\">This site uses <strong>Monarch<\/strong> (Elegant Themes) to display social media sharing buttons. These tools may collect your IP address and browser information when you interact with them. Third-party privacy policies apply<\/p>\n\n\n\n<h4 class=\"wp-block-heading\">Analytics<\/h4>\n\n\n\n<p class=\"translation-block\">This site does not currently use any analytics or tracking services.  \nShould this change in the future (e.g., the use of Google Analytics 4), no data will be collected without your explicit consent.  \nAll data collection tools will comply with GDPR and be properly disclosed and managed through our cookie banner.<\/p>\n\n\n\n<h4 class=\"wp-block-heading\">Google Fonts<\/h4>\n\n\n\n<p class=\"translation-block\">This site uses Google Fonts to improve design. When loaded, these fonts may connect to Google servers and transmit your IP address. Google\u2019s <a href=\"https:\/\/policies.google.com\/privacy\" target=\"_blank\">privacy policy<\/a> applies.<\/p>\n\n\n\n<h4 class=\"wp-block-heading\">Anti-spam protection<\/h4>\n\n\n\n<p class=\"translation-block\">We use <strong>WP Armour \u2013 Honeypot<\/strong> technology to block spam on forms. This method does not use tracking or external data sharing<\/p>\n\n\n\n<h3 class=\"wp-block-heading\">3. How long we retain your data<\/h3>\n\n\n\n<ul class=\"wp-block-list\">\n<li>Contact form submissions: up to 12 months<\/li>\n\n\n\n<li>Newsletter data: until unsubscribed<\/li>\n\n\n\n<li>Comments (if enabled): indefinitely<\/li>\n<\/ul>\n\n\n\n<h3 class=\"wp-block-heading\">4. Who we share your data with<\/h3>\n\n\n\n<p>Your data is not sold or rented. It may be processed by trusted providers such as Formspree, Google (Fonts\/Analytics), or email services solely for the intended purposes described above.<\/p>\n\n\n\n<h3 class=\"wp-block-heading\">5. Your rights under GDPR<\/h3>\n\n\n\n<p class=\"translation-block\">You have the right to access, correct, or delete your personal data, withdraw consent, request data portability, and file a complaint with a supervisory authority. To exercise your rights, contact us at <a href=\"mailto:mmjoly@tungxten.com\">dev@tungxten.com<\/a>.<\/p>\n\n\n\n<h3 class=\"wp-block-heading\">6. Data security<\/h3>\n\n\n\n<p>We implement technical and organizational measures to protect your data from unauthorized access, misuse, or loss. These include secure email handling and spam prevention.<\/p>\n\n\n\n<h3 class=\"wp-block-heading\">7. Where your data is sent<\/h3>\n\n\n\n<p>Data may be transferred outside the EU (e.g., to Formspree or Google) under GDPR-compliant safeguards. No automated profiling is used.<\/p>\n\n\n\n<hr class=\"wp-block-separator has-alpha-channel-opacity\"\/>\n\n\n\n<h2>G\u00e9rer votre consentement<\/h2>\n<p>Vous pouvez \u00e0 tout moment modifier ou retirer votre consentement aux cookies en cliquant sur le lien ci-dessous :<\/p>\n\n\n\n<div id=\"cmplz-manage-consent-container-nojavascript\">You have loaded the Cookie Policy without javascript support.&nbsp;On AMP, you can use the manage consent button on the bottom of the page.<\/div><div id=\"cmplz-manage-consent-container\" name=\"cmplz-manage-consent-container\" class=\"cmplz-manage-consent-container\"><\/div>","protected":false},"excerpt":{"rendered":"<p>Politique de confidentialit\u00e9 Date d\u2019entr\u00e9e en vigueur : Mai 2025 1. Qui nous sommes Ce site web est accessible \u00e0 l\u2019adresse : https:\/\/retreats.tungxten.com.Il est exploit\u00e9 par tungXten S.A.R.L, situ\u00e9e \u00e0 Carouge (GE), Suisse.Pour toute question, vous pouvez nous contacter \u00e0 l\u2019adresse suivante : dev@tungxten.com. 2. Donn\u00e9es personnelles collect\u00e9es et finalit\u00e9s Formulaire de contact (Formspree) Lorsque [&hellip;]<\/p>\n","protected":false},"author":1,"featured_media":0,"parent":0,"menu_order":0,"comment_status":"closed","ping_status":"closed","template":"page-no-title","meta":{"footnotes":""},"class_list":["post-1334","page","type-page","status-publish","hentry"],"yoast_head":"<!-- This site is optimized with the Yoast SEO plugin v27.3 - https:\/\/yoast.com\/product\/yoast-seo-wordpress\/ -->\n<title>Politique de Confidentialit\u00e9 - Retraites transformationnelles en Sicile<\/title>\n<meta name=\"robots\" content=\"index, follow, max-snippet:-1, max-image-preview:large, max-video-preview:-1\" \/>\n<link rel=\"canonical\" href=\"https:\/\/retreats.tungxten.com\/en\/politique-confidentialite\/\" \/>\n<meta property=\"og:locale\" content=\"en_GB\" \/>\n<meta property=\"og:type\" content=\"article\" \/>\n<meta property=\"og:title\" content=\"Politique de Confidentialit\u00e9 - Retraites transformationnelles en Sicile\" \/>\n<meta property=\"og:description\" content=\"Politique de confidentialit\u00e9 Date d\u2019entr\u00e9e en vigueur : Mai 2025 1. Qui nous sommes Ce site web est accessible \u00e0 l\u2019adresse : https:\/\/retreats.tungxten.com.Il est exploit\u00e9 par tungXten S.A.R.L, situ\u00e9e \u00e0 Carouge (GE), Suisse.Pour toute question, vous pouvez nous contacter \u00e0 l\u2019adresse suivante : dev@tungxten.com. 2. Donn\u00e9es personnelles collect\u00e9es et finalit\u00e9s Formulaire de contact (Formspree) Lorsque [&hellip;]\" \/>\n<meta property=\"og:url\" content=\"https:\/\/retreats.tungxten.com\/en\/politique-confidentialite\/\" \/>\n<meta property=\"og:site_name\" content=\"Retraites transformationnelles en Sicile\" \/>\n<meta property=\"article:modified_time\" content=\"2025-05-15T15:26:32+00:00\" \/>\n<meta property=\"og:image\" content=\"https:\/\/retreats.tungxten.com\/wp-content\/uploads\/2025\/03\/IMG_4658-scaled.jpeg\" \/>\n\t<meta property=\"og:image:width\" content=\"2560\" \/>\n\t<meta property=\"og:image:height\" content=\"1920\" \/>\n\t<meta property=\"og:image:type\" content=\"image\/jpeg\" \/>\n<meta name=\"twitter:card\" content=\"summary_large_image\" \/>\n<meta name=\"twitter:label1\" content=\"Estimated reading time\" \/>\n\t<meta name=\"twitter:data1\" content=\"4 minutes\" \/>\n<script type=\"application\/ld+json\" class=\"yoast-schema-graph\">{\"@context\":\"https:\\\/\\\/schema.org\",\"@graph\":[{\"@type\":\"WebPage\",\"@id\":\"https:\\\/\\\/retreats.tungxten.com\\\/politique-confidentialite\\\/\",\"url\":\"https:\\\/\\\/retreats.tungxten.com\\\/politique-confidentialite\\\/\",\"name\":\"Politique de Confidentialit\u00e9 - Retraites transformationnelles en Sicile\",\"isPartOf\":{\"@id\":\"https:\\\/\\\/retreats.tungxten.com\\\/#website\"},\"datePublished\":\"2025-05-15T10:17:12+00:00\",\"dateModified\":\"2025-05-15T15:26:32+00:00\",\"breadcrumb\":{\"@id\":\"https:\\\/\\\/retreats.tungxten.com\\\/politique-confidentialite\\\/#breadcrumb\"},\"inLanguage\":\"en-GB\",\"potentialAction\":[{\"@type\":\"ReadAction\",\"target\":[\"https:\\\/\\\/retreats.tungxten.com\\\/politique-confidentialite\\\/\"]}]},{\"@type\":\"BreadcrumbList\",\"@id\":\"https:\\\/\\\/retreats.tungxten.com\\\/politique-confidentialite\\\/#breadcrumb\",\"itemListElement\":[{\"@type\":\"ListItem\",\"position\":1,\"name\":\"Accueil\",\"item\":\"https:\\\/\\\/retreats.tungxten.com\\\/\"},{\"@type\":\"ListItem\",\"position\":2,\"name\":\"Politique de Confidentialit\u00e9\"}]},{\"@type\":\"WebSite\",\"@id\":\"https:\\\/\\\/retreats.tungxten.com\\\/#website\",\"url\":\"https:\\\/\\\/retreats.tungxten.com\\\/\",\"name\":\"Retraites transformationnelles en Sicile\",\"description\":\"Et si ralentir \u00e9tait le d\u00e9but de votre vraie r\u00e9ussite?\",\"publisher\":{\"@id\":\"https:\\\/\\\/retreats.tungxten.com\\\/#organization\"},\"potentialAction\":[{\"@type\":\"SearchAction\",\"target\":{\"@type\":\"EntryPoint\",\"urlTemplate\":\"https:\\\/\\\/retreats.tungxten.com\\\/?s={search_term_string}\"},\"query-input\":{\"@type\":\"PropertyValueSpecification\",\"valueRequired\":true,\"valueName\":\"search_term_string\"}}],\"inLanguage\":\"en-GB\"},{\"@type\":\"Organization\",\"@id\":\"https:\\\/\\\/retreats.tungxten.com\\\/#organization\",\"name\":\"Retraites transformationnelles en Sicile\",\"url\":\"https:\\\/\\\/retreats.tungxten.com\\\/\",\"logo\":{\"@type\":\"ImageObject\",\"inLanguage\":\"en-GB\",\"@id\":\"https:\\\/\\\/retreats.tungxten.com\\\/#\\\/schema\\\/logo\\\/image\\\/\",\"url\":\"https:\\\/\\\/retreats.tungxten.com\\\/wp-content\\\/uploads\\\/2025\\\/03\\\/cropped-IMG_3070-scaled-e1743169373749-1.jpeg\",\"contentUrl\":\"https:\\\/\\\/retreats.tungxten.com\\\/wp-content\\\/uploads\\\/2025\\\/03\\\/cropped-IMG_3070-scaled-e1743169373749-1.jpeg\",\"width\":1061,\"height\":1007,\"caption\":\"Retraites transformationnelles en Sicile\"},\"image\":{\"@id\":\"https:\\\/\\\/retreats.tungxten.com\\\/#\\\/schema\\\/logo\\\/image\\\/\"}}]}<\/script>\n<!-- \/ Yoast SEO plugin. -->","yoast_head_json":{"title":"Politique de Confidentialit\u00e9 - Retraites transformationnelles en Sicile","robots":{"index":"index","follow":"follow","max-snippet":"max-snippet:-1","max-image-preview":"max-image-preview:large","max-video-preview":"max-video-preview:-1"},"canonical":"https:\/\/retreats.tungxten.com\/en\/politique-confidentialite\/","og_locale":"en_GB","og_type":"article","og_title":"Politique de Confidentialit\u00e9 - Retraites transformationnelles en Sicile","og_description":"Politique de confidentialit\u00e9 Date d\u2019entr\u00e9e en vigueur : Mai 2025 1. Qui nous sommes Ce site web est accessible \u00e0 l\u2019adresse : https:\/\/retreats.tungxten.com.Il est exploit\u00e9 par tungXten S.A.R.L, situ\u00e9e \u00e0 Carouge (GE), Suisse.Pour toute question, vous pouvez nous contacter \u00e0 l\u2019adresse suivante : dev@tungxten.com. 2. Donn\u00e9es personnelles collect\u00e9es et finalit\u00e9s Formulaire de contact (Formspree) Lorsque [&hellip;]","og_url":"https:\/\/retreats.tungxten.com\/en\/politique-confidentialite\/","og_site_name":"Retraites transformationnelles en Sicile","article_modified_time":"2025-05-15T15:26:32+00:00","og_image":[{"width":2560,"height":1920,"url":"https:\/\/retreats.tungxten.com\/wp-content\/uploads\/2025\/03\/IMG_4658-scaled.jpeg","type":"image\/jpeg"}],"twitter_card":"summary_large_image","twitter_misc":{"Estimated reading time":"4 minutes"},"schema":{"@context":"https:\/\/schema.org","@graph":[{"@type":"WebPage","@id":"https:\/\/retreats.tungxten.com\/politique-confidentialite\/","url":"https:\/\/retreats.tungxten.com\/politique-confidentialite\/","name":"Politique de Confidentialit\u00e9 - Retraites transformationnelles en Sicile","isPartOf":{"@id":"https:\/\/retreats.tungxten.com\/#website"},"datePublished":"2025-05-15T10:17:12+00:00","dateModified":"2025-05-15T15:26:32+00:00","breadcrumb":{"@id":"https:\/\/retreats.tungxten.com\/politique-confidentialite\/#breadcrumb"},"inLanguage":"en-GB","potentialAction":[{"@type":"ReadAction","target":["https:\/\/retreats.tungxten.com\/politique-confidentialite\/"]}]},{"@type":"BreadcrumbList","@id":"https:\/\/retreats.tungxten.com\/politique-confidentialite\/#breadcrumb","itemListElement":[{"@type":"ListItem","position":1,"name":"Accueil","item":"https:\/\/retreats.tungxten.com\/"},{"@type":"ListItem","position":2,"name":"Politique de Confidentialit\u00e9"}]},{"@type":"WebSite","@id":"https:\/\/retreats.tungxten.com\/#website","url":"https:\/\/retreats.tungxten.com\/","name":"Transformational retreats in Sicily","description":"What if slowing down were the beginning of your true success?","publisher":{"@id":"https:\/\/retreats.tungxten.com\/#organization"},"potentialAction":[{"@type":"SearchAction","target":{"@type":"EntryPoint","urlTemplate":"https:\/\/retreats.tungxten.com\/?s={search_term_string}"},"query-input":{"@type":"PropertyValueSpecification","valueRequired":true,"valueName":"search_term_string"}}],"inLanguage":"en-GB"},{"@type":"Organization","@id":"https:\/\/retreats.tungxten.com\/#organization","name":"Transformational retreats in Sicily","url":"https:\/\/retreats.tungxten.com\/","logo":{"@type":"ImageObject","inLanguage":"en-GB","@id":"https:\/\/retreats.tungxten.com\/#\/schema\/logo\/image\/","url":"https:\/\/retreats.tungxten.com\/wp-content\/uploads\/2025\/03\/cropped-IMG_3070-scaled-e1743169373749-1.jpeg","contentUrl":"https:\/\/retreats.tungxten.com\/wp-content\/uploads\/2025\/03\/cropped-IMG_3070-scaled-e1743169373749-1.jpeg","width":1061,"height":1007,"caption":"Retraites transformationnelles en Sicile"},"image":{"@id":"https:\/\/retreats.tungxten.com\/#\/schema\/logo\/image\/"}}]}},"_links":{"self":[{"href":"https:\/\/retreats.tungxten.com\/en\/wp-json\/wp\/v2\/pages\/1334","targetHints":{"allow":["GET"]}}],"collection":[{"href":"https:\/\/retreats.tungxten.com\/en\/wp-json\/wp\/v2\/pages"}],"about":[{"href":"https:\/\/retreats.tungxten.com\/en\/wp-json\/wp\/v2\/types\/page"}],"author":[{"embeddable":true,"href":"https:\/\/retreats.tungxten.com\/en\/wp-json\/wp\/v2\/users\/1"}],"replies":[{"embeddable":true,"href":"https:\/\/retreats.tungxten.com\/en\/wp-json\/wp\/v2\/comments?post=1334"}],"version-history":[{"count":11,"href":"https:\/\/retreats.tungxten.com\/en\/wp-json\/wp\/v2\/pages\/1334\/revisions"}],"predecessor-version":[{"id":1352,"href":"https:\/\/retreats.tungxten.com\/en\/wp-json\/wp\/v2\/pages\/1334\/revisions\/1352"}],"wp:attachment":[{"href":"https:\/\/retreats.tungxten.com\/en\/wp-json\/wp\/v2\/media?parent=1334"}],"curies":[{"name":"wp","href":"https:\/\/api.w.org\/{rel}","templated":true}]}}