{"id":1638,"date":"2026-01-18T22:21:18","date_gmt":"2026-01-18T20:21:18","guid":{"rendered":"https:\/\/retreats.tungxten.com\/?page_id=1638"},"modified":"2026-01-20T16:59:55","modified_gmt":"2026-01-20T14:59:55","slug":"accueil","status":"publish","type":"page","link":"https:\/\/retreats.tungxten.com\/en\/","title":{"rendered":"Home"},"content":{"rendered":"<!-- BANNI\u00c8RE VID\u00c9O -->\n<section class=\"hero-banner\">\n  <video autoplay muted loop playsinline>\n    <source src=\"https:\/\/retreats.tungxten.com\/wp-content\/uploads\/2025\/03\/IMG_4633.mp4\" type=\"video\/mp4\">\n    Votre navigateur ne supporte pas la vid\u00e9o HTML5.\n  <\/video>\n  <div class=\"hero-text\">\n    <h1>A sanctuary to reconnect with your essence<\/h1>\n    <p>What if slowing down were the beginning of your true success?<\/p>\n  <\/div>\n<\/section>\n\n\n\n<div class=\"wp-block-columns is-layout-flex wp-container-core-columns-is-layout-28f84493 wp-block-columns-is-layout-flex\">\n<div class=\"wp-block-column is-layout-flow wp-block-column-is-layout-flow\">\n<h1 class=\"wp-block-heading has-text-align-left\">Retreats by invitation<\/h1>\n\n\n\n<h2 class=\"wp-block-heading has-text-align-center\">in my Sicilian olive grove sanctuary<\/h2>\n\n\n\n<p class=\"has-text-align-center\">For leaders, entrepreneurs and creatives in transition.<br> in transition<\/p>\n\n\n\n<p><\/p>\n\n\n\n<h3 class=\"wp-block-heading has-text-align-center\">A maximum of eight retreats per year.<\/h3>\n\n\n\n<p class=\"has-text-align-center has-medium-font-size\">In this secluded olive grove in the heart of Sicily, you step out of roles, noise and acceleration to recover your breath, your clarity and your inner realignment. <br>This is not a programme to complete, but a discreet space to inhabit for a few days.<\/p>\n\n\n\n<hr class=\"wp-block-separator has-alpha-channel-opacity\"\/>\n\n\n\n<hr class=\"wp-block-separator has-alpha-channel-opacity\"\/>\n\n\n\n<h3 class=\"wp-block-heading has-text-align-center\"><strong>More than a place, a presence.<\/strong><\/h3>\n\n\n\n<p>This land holds a quiet strength. Everything is kept simple and discreet \u2013 in silence, in trust, and at your own rhythm<\/p>\n\n\n\n<p>My role is to hold space and listen, to what is said and to what remains unspoken, while the wind, the light and the olive trees do their quiet work in the background.<\/p>\n\n\n\n<p><\/p>\n<\/div>\n<\/div>\n\n\n\n<div class=\"wp-block-buttons is-content-justification-center is-layout-flex wp-container-core-buttons-is-layout-a89b3969 wp-block-buttons-is-layout-flex\">\n<div class=\"wp-block-button\"><a class=\"wp-block-button__link has-custom-beige-clair-titres-banni-res-color has-custom-vert-olive-boutons-l-ments-interactifs-background-color has-text-color has-background has-link-color wp-element-button\" href=\"https:\/\/retreats.tungxten.com\/en\/your-tailor-made-retreat_new\/\">Discover the experience<\/a><\/div>\n<\/div>","protected":false},"excerpt":{"rendered":"<p>Votre navigateur ne supporte pas la vid\u00e9o HTML5. Un lieu pour retrouver l\u2019essentiel Et si ralentir \u00e9tait le d\u00e9but de votre vraie r\u00e9ussite ? Retraites sur invitation Dans mon oliveraie en Sicile Pour dirigeants, entrepreneurs et cr\u00e9atifs en moment de transition Huit retraites par an, au maximum. Dans mon oliveraie au c\u0153ur de la Sicile, [&hellip;]<\/p>\n","protected":false},"author":1,"featured_media":0,"parent":0,"menu_order":0,"comment_status":"closed","ping_status":"closed","template":"page-no-title","meta":{"footnotes":""},"class_list":["post-1638","page","type-page","status-publish","hentry"],"yoast_head":"<!-- This site is optimized with the Yoast SEO plugin v27.3 - https:\/\/yoast.com\/product\/yoast-seo-wordpress\/ -->\n<title>Retreats in Sicily | Reconnect. Realign. Regenerate.<\/title>\n<meta name=\"description\" content=\"Transformational retreats in a secluded Sicilian olive grove. Rest, realign, and rediscover meaning through silence, coaching, and deep presence.\" \/>\n<meta name=\"robots\" content=\"index, follow, max-snippet:-1, max-image-preview:large, max-video-preview:-1\" \/>\n<link rel=\"canonical\" href=\"https:\/\/retreats.tungxten.com\/en\/\" \/>\n<meta property=\"og:locale\" content=\"en_GB\" \/>\n<meta property=\"og:type\" content=\"article\" \/>\n<meta property=\"og:title\" content=\"Retreats in Sicily | Reconnect. Realign. Regenerate.\" \/>\n<meta property=\"og:description\" content=\"Transformational retreats in a secluded Sicilian olive grove. Rest, realign, and rediscover meaning through silence, coaching, and deep presence.\" \/>\n<meta property=\"og:url\" content=\"https:\/\/retreats.tungxten.com\/en\/\" \/>\n<meta property=\"og:site_name\" content=\"Retraites transformationnelles en Sicile\" \/>\n<meta property=\"article:modified_time\" content=\"2026-01-20T14:59:55+00:00\" \/>\n<meta property=\"og:image\" content=\"https:\/\/retreats.tungxten.com\/wp-content\/uploads\/2025\/03\/IMG_4658-scaled.jpeg\" \/>\n\t<meta property=\"og:image:width\" content=\"2560\" \/>\n\t<meta property=\"og:image:height\" content=\"1920\" \/>\n\t<meta property=\"og:image:type\" content=\"image\/jpeg\" \/>\n<meta name=\"twitter:card\" content=\"summary_large_image\" \/>\n<meta name=\"twitter:label1\" content=\"Estimated reading time\" \/>\n\t<meta name=\"twitter:data1\" content=\"1 minute\" \/>\n<script type=\"application\/ld+json\" class=\"yoast-schema-graph\">{\"@context\":\"https:\\\/\\\/schema.org\",\"@graph\":[{\"@type\":\"WebPage\",\"@id\":\"https:\\\/\\\/retreats.tungxten.com\\\/\",\"url\":\"https:\\\/\\\/retreats.tungxten.com\\\/\",\"name\":\"Retreats in Sicily | Reconnect. Realign. Regenerate.\",\"isPartOf\":{\"@id\":\"https:\\\/\\\/retreats.tungxten.com\\\/#website\"},\"datePublished\":\"2026-01-18T20:21:18+00:00\",\"dateModified\":\"2026-01-20T14:59:55+00:00\",\"description\":\"Transformational retreats in a secluded Sicilian olive grove. Rest, realign, and rediscover meaning through silence, coaching, and deep presence.\",\"breadcrumb\":{\"@id\":\"https:\\\/\\\/retreats.tungxten.com\\\/#breadcrumb\"},\"inLanguage\":\"en-GB\",\"potentialAction\":[{\"@type\":\"ReadAction\",\"target\":[\"https:\\\/\\\/retreats.tungxten.com\\\/\"]}]},{\"@type\":\"BreadcrumbList\",\"@id\":\"https:\\\/\\\/retreats.tungxten.com\\\/#breadcrumb\",\"itemListElement\":[{\"@type\":\"ListItem\",\"position\":1,\"name\":\"Accueil\",\"item\":\"https:\\\/\\\/retreats.tungxten.com\\\/\"},{\"@type\":\"ListItem\",\"position\":2,\"name\":\"Accueil\"}]},{\"@type\":\"WebSite\",\"@id\":\"https:\\\/\\\/retreats.tungxten.com\\\/#website\",\"url\":\"https:\\\/\\\/retreats.tungxten.com\\\/\",\"name\":\"Retraites transformationnelles en Sicile\",\"description\":\"Et si ralentir \u00e9tait le d\u00e9but de votre vraie r\u00e9ussite?\",\"publisher\":{\"@id\":\"https:\\\/\\\/retreats.tungxten.com\\\/#organization\"},\"potentialAction\":[{\"@type\":\"SearchAction\",\"target\":{\"@type\":\"EntryPoint\",\"urlTemplate\":\"https:\\\/\\\/retreats.tungxten.com\\\/?s={search_term_string}\"},\"query-input\":{\"@type\":\"PropertyValueSpecification\",\"valueRequired\":true,\"valueName\":\"search_term_string\"}}],\"inLanguage\":\"en-GB\"},{\"@type\":\"Organization\",\"@id\":\"https:\\\/\\\/retreats.tungxten.com\\\/#organization\",\"name\":\"Retraites transformationnelles en Sicile\",\"url\":\"https:\\\/\\\/retreats.tungxten.com\\\/\",\"logo\":{\"@type\":\"ImageObject\",\"inLanguage\":\"en-GB\",\"@id\":\"https:\\\/\\\/retreats.tungxten.com\\\/#\\\/schema\\\/logo\\\/image\\\/\",\"url\":\"https:\\\/\\\/retreats.tungxten.com\\\/wp-content\\\/uploads\\\/2025\\\/03\\\/cropped-IMG_3070-scaled-e1743169373749-1.jpeg\",\"contentUrl\":\"https:\\\/\\\/retreats.tungxten.com\\\/wp-content\\\/uploads\\\/2025\\\/03\\\/cropped-IMG_3070-scaled-e1743169373749-1.jpeg\",\"width\":1061,\"height\":1007,\"caption\":\"Retraites transformationnelles en Sicile\"},\"image\":{\"@id\":\"https:\\\/\\\/retreats.tungxten.com\\\/#\\\/schema\\\/logo\\\/image\\\/\"}}]}<\/script>\n<!-- \/ Yoast SEO plugin. -->","yoast_head_json":{"title":"Retreats in Sicily | Reconnect. Realign. Regenerate.","description":"Transformational retreats in a secluded Sicilian olive grove. Rest, realign, and rediscover meaning through silence, coaching, and deep presence.","robots":{"index":"index","follow":"follow","max-snippet":"max-snippet:-1","max-image-preview":"max-image-preview:large","max-video-preview":"max-video-preview:-1"},"canonical":"https:\/\/retreats.tungxten.com\/en\/","og_locale":"en_GB","og_type":"article","og_title":"Retreats in Sicily | Reconnect. Realign. Regenerate.","og_description":"Transformational retreats in a secluded Sicilian olive grove. Rest, realign, and rediscover meaning through silence, coaching, and deep presence.","og_url":"https:\/\/retreats.tungxten.com\/en\/","og_site_name":"Retraites transformationnelles en Sicile","article_modified_time":"2026-01-20T14:59:55+00:00","og_image":[{"width":2560,"height":1920,"url":"https:\/\/retreats.tungxten.com\/wp-content\/uploads\/2025\/03\/IMG_4658-scaled.jpeg","type":"image\/jpeg"}],"twitter_card":"summary_large_image","twitter_misc":{"Estimated reading time":"1 minute"},"schema":{"@context":"https:\/\/schema.org","@graph":[{"@type":"WebPage","@id":"https:\/\/retreats.tungxten.com\/","url":"https:\/\/retreats.tungxten.com\/","name":"Retreats in Sicily | Reconnect. Realign. Regenerate.","isPartOf":{"@id":"https:\/\/retreats.tungxten.com\/#website"},"datePublished":"2026-01-18T20:21:18+00:00","dateModified":"2026-01-20T14:59:55+00:00","description":"Transformational retreats in a secluded Sicilian olive grove. Rest, realign, and rediscover meaning through silence, coaching, and deep presence.","breadcrumb":{"@id":"https:\/\/retreats.tungxten.com\/#breadcrumb"},"inLanguage":"en-GB","potentialAction":[{"@type":"ReadAction","target":["https:\/\/retreats.tungxten.com\/"]}]},{"@type":"BreadcrumbList","@id":"https:\/\/retreats.tungxten.com\/#breadcrumb","itemListElement":[{"@type":"ListItem","position":1,"name":"Accueil","item":"https:\/\/retreats.tungxten.com\/"},{"@type":"ListItem","position":2,"name":"Accueil"}]},{"@type":"WebSite","@id":"https:\/\/retreats.tungxten.com\/#website","url":"https:\/\/retreats.tungxten.com\/","name":"Transformational retreats in Sicily","description":"What if slowing down were the beginning of your true success?","publisher":{"@id":"https:\/\/retreats.tungxten.com\/#organization"},"potentialAction":[{"@type":"SearchAction","target":{"@type":"EntryPoint","urlTemplate":"https:\/\/retreats.tungxten.com\/?s={search_term_string}"},"query-input":{"@type":"PropertyValueSpecification","valueRequired":true,"valueName":"search_term_string"}}],"inLanguage":"en-GB"},{"@type":"Organization","@id":"https:\/\/retreats.tungxten.com\/#organization","name":"Transformational retreats in Sicily","url":"https:\/\/retreats.tungxten.com\/","logo":{"@type":"ImageObject","inLanguage":"en-GB","@id":"https:\/\/retreats.tungxten.com\/#\/schema\/logo\/image\/","url":"https:\/\/retreats.tungxten.com\/wp-content\/uploads\/2025\/03\/cropped-IMG_3070-scaled-e1743169373749-1.jpeg","contentUrl":"https:\/\/retreats.tungxten.com\/wp-content\/uploads\/2025\/03\/cropped-IMG_3070-scaled-e1743169373749-1.jpeg","width":1061,"height":1007,"caption":"Retraites transformationnelles en Sicile"},"image":{"@id":"https:\/\/retreats.tungxten.com\/#\/schema\/logo\/image\/"}}]}},"_links":{"self":[{"href":"https:\/\/retreats.tungxten.com\/en\/wp-json\/wp\/v2\/pages\/1638","targetHints":{"allow":["GET"]}}],"collection":[{"href":"https:\/\/retreats.tungxten.com\/en\/wp-json\/wp\/v2\/pages"}],"about":[{"href":"https:\/\/retreats.tungxten.com\/en\/wp-json\/wp\/v2\/types\/page"}],"author":[{"embeddable":true,"href":"https:\/\/retreats.tungxten.com\/en\/wp-json\/wp\/v2\/users\/1"}],"replies":[{"embeddable":true,"href":"https:\/\/retreats.tungxten.com\/en\/wp-json\/wp\/v2\/comments?post=1638"}],"version-history":[{"count":16,"href":"https:\/\/retreats.tungxten.com\/en\/wp-json\/wp\/v2\/pages\/1638\/revisions"}],"predecessor-version":[{"id":1716,"href":"https:\/\/retreats.tungxten.com\/en\/wp-json\/wp\/v2\/pages\/1638\/revisions\/1716"}],"wp:attachment":[{"href":"https:\/\/retreats.tungxten.com\/en\/wp-json\/wp\/v2\/media?parent=1638"}],"curies":[{"name":"wp","href":"https:\/\/api.w.org\/{rel}","templated":true}]}}